{"id":33,"date":"2020-02-18T09:07:53","date_gmt":"2020-02-18T09:07:53","guid":{"rendered":"https:\/\/www.prosavorgnano.it\/?page_id=33"},"modified":"2020-02-21T10:32:19","modified_gmt":"2020-02-21T10:32:19","slug":"cif","status":"publish","type":"page","link":"https:\/\/www.prosavorgnano.it\/index.php\/cif\/","title":{"rendered":"Cif"},"content":{"rendered":"\n<div class=\"wp-block-image\"><figure class=\"aligncenter size-large\"><img loading=\"lazy\" decoding=\"async\" width=\"1024\" height=\"576\" src=\"https:\/\/www.prosavorgnano.it\/wp-content\/uploads\/2020\/02\/20170313_163645-1024x576-1.jpg\" alt=\"\" class=\"wp-image-287\" srcset=\"https:\/\/www.prosavorgnano.it\/wp-content\/uploads\/2020\/02\/20170313_163645-1024x576-1.jpg 1024w, https:\/\/www.prosavorgnano.it\/wp-content\/uploads\/2020\/02\/20170313_163645-1024x576-1-300x169.jpg 300w, https:\/\/www.prosavorgnano.it\/wp-content\/uploads\/2020\/02\/20170313_163645-1024x576-1-768x432.jpg 768w, https:\/\/www.prosavorgnano.it\/wp-content\/uploads\/2020\/02\/20170313_163645-1024x576-1-380x214.jpg 380w\" sizes=\"auto, (max-width: 1024px) 100vw, 1024px\" \/><\/figure><\/div>\n\n\n<h2>L&#8217;associazione<\/h2>\n<p><strong>Il Cif Centro Italiano Femminile \u00e8 una associazione di volontariato.<\/strong><\/p>\n<p>Opera su tutto il territorio nazionale ed \u00e8 organizzato a livello regionale, provinciale e comunale.<\/p>\n<p>Il CIF comunale di Povoletto \u00e8 una associazione Onlus, composta da aderenti provenienti da tutte le frazioni del Comune ed \u00e8 operante sul territorio da 50 anni.<\/p>\n<p>Durante questi anni si \u00e8 occupato di organizzare varie attivit\u00e0 a favore della popolazione comunale: corsi di nuoto per bambini, corsi di ginnastica per adulti, cicli di cineforum, di teatro, campi scuola estivi, eventi carnevaleschi, soggiorni marini per anziani( successivamente aperti anche alle famiglie).<\/p>\n<p>Nel 2011 ha pubblicato il libro fotografico \u201cSavorgnano del Torre-Storia per immagini 1900-1975\u201d, corso di ceramica per ragazzi e tante altre attivit\u00e0 di minore importanza, ma sempre a servizio della comunit\u00e0.<\/p>\n<p>Promuove incontri informativi e formativi su temi quali: la famiglia, corsi per genitori delle Scuole Materne, incontri rivolti ai ragazzi delle Scuole Secondarie del Comune su argomenti quali \u201cUso e abuso dei mezzi di comunicazione\u201d e \u201cSensibilizzazione ai temi di rispetto di genere\u201d.<\/p>\n<p>Il CIF fa parte del CTA (coordinamento territoriale di ambito) Unione del Torre .<\/p>\n<p>L\u2019attuale presidente \u00e8 Loretta De Marchi di Savorgnano del Torre e la vice presidente \u00e8 Miriam Conte di Primulacco.<\/p>\n<p>Nella sua lunga storia il CIF \u00e8 stata una presenza constante, laboriosa e silente che per il bene della comunit\u00e0 ha saputo convivere con tutte le associazioni ed iniziative presenti sul territorio. In un certo modo, il CIF si \u00e8 sempre occupato di raccogliere istanze provenienti dalla comunit\u00e0 trasformandole in concrete opportunit\u00e0 formative e ricreative.<\/p>\n<h2>\u00a0<\/h2>\n<h2>Eventi<\/h2>\n<p><strong>Conferenza: Il fascino dei soldi il gioco d&#8217;azardo. Venerd\u00ec 24 marzo 2017 ore 20.30 <\/strong><\/p>\n<p><strong>Ricreatorio \u201cAmici della Solidariet\u00e0\u201d via Dante n. 13 Povoletto<\/strong><\/p>\n<p>E\u2019 DAVVERO UN \u201cGIOCO\u201d O UN \u201cPROBLEMA PER TANTE PERSONE E FAMIGLIE?<\/p>\n<p>Scopriamo i quanti soldi girano, quante persone ci cadono quanto spende un giocatore, qual \u00e8 la situazione in Regione. Capiamo come dal gioco si passa al problema alla patologia e alla dipendenza. Ascoltiamo dove e come trovare aiuto per cercare di uscire dal problema.<\/p>\n<p>Interverranno: Francesca Vignola referente Osservatorio Regionale Dipendenze Coordinamento Tavolo \u201cInquadramento del fenomeno sul gioco d\u2019azzardo patologico in F.V.G.\u201d Duilia Zanon assistente sanitaria referente GAP dell\u2019Azienda Sanitaria Universitaria integrata di Udine \u201cLa dipendenza e il trattamento del gioco d\u2019azzardo nei Sandra Nobile presidente regionale del CIF FVG \u201cLe donne e la dipendenza dal gioco d\u2019azzardo. Uno sportello d\u2019aiuto a Palmanova\u201d<\/p>\n<p>Segue dibattito<\/p>\n<p>L\u2019INVITO \u00c8 APERTO APERTO A TUTTI<\/p>\n<p>CON IL PATROCINIO DEL COMUNE DI POVOLETTO Gruppo Volontari G. Pitotti Onlus Ricreatorio \u201cAmici della Solidariet\u00e0\u201d di Povoletto<\/p>\n<p>L&#8217;evento \u00e8 organizzato dal Centrotro Italiano Femminile Comunale di Povoletto e Cassacco Gruppo Volontari G. Pitotti Onlus<\/p>\n<p><a href=\"http:\/\/www.prolocosavorgnanodeltorre.com\/wp-content\/uploads\/2017\/03\/Gioco-d27azzardo-24-marzo-1.pdf\">Scarica il volantino dell&#8217;evento<\/a><\/p>","protected":false},"excerpt":{"rendered":"<p>L&#8217;associazione Il Cif Centro Italiano Femminile \u00e8 una associazione di volontariato. Opera su tutto il territorio nazionale ed \u00e8 organizzato a livello regionale, provinciale e comunale. Il CIF comunale di Povoletto \u00e8 una associazione Onlus, composta da aderenti provenienti da tutte le frazioni del Comune ed \u00e8 operante sul territorio da 50 anni. Durante questi [&hellip;]<\/p>\n","protected":false},"author":2,"featured_media":0,"parent":0,"menu_order":0,"comment_status":"closed","ping_status":"closed","template":"","meta":{"footnotes":""},"class_list":["post-33","page","type-page","status-publish","hentry"],"_links":{"self":[{"href":"https:\/\/www.prosavorgnano.it\/index.php\/wp-json\/wp\/v2\/pages\/33","targetHints":{"allow":["GET"]}}],"collection":[{"href":"https:\/\/www.prosavorgnano.it\/index.php\/wp-json\/wp\/v2\/pages"}],"about":[{"href":"https:\/\/www.prosavorgnano.it\/index.php\/wp-json\/wp\/v2\/types\/page"}],"author":[{"embeddable":true,"href":"https:\/\/www.prosavorgnano.it\/index.php\/wp-json\/wp\/v2\/users\/2"}],"replies":[{"embeddable":true,"href":"https:\/\/www.prosavorgnano.it\/index.php\/wp-json\/wp\/v2\/comments?post=33"}],"version-history":[{"count":3,"href":"https:\/\/www.prosavorgnano.it\/index.php\/wp-json\/wp\/v2\/pages\/33\/revisions"}],"predecessor-version":[{"id":333,"href":"https:\/\/www.prosavorgnano.it\/index.php\/wp-json\/wp\/v2\/pages\/33\/revisions\/333"}],"wp:attachment":[{"href":"https:\/\/www.prosavorgnano.it\/index.php\/wp-json\/wp\/v2\/media?parent=33"}],"curies":[{"name":"wp","href":"https:\/\/api.w.org\/{rel}","templated":true}]}}