{"id":18,"date":"2020-02-18T08:30:14","date_gmt":"2020-02-18T08:30:14","guid":{"rendered":"https:\/\/www.prosavorgnano.it\/?page_id=18"},"modified":"2020-12-02T19:45:18","modified_gmt":"2020-12-02T19:45:18","slug":"alpini","status":"publish","type":"page","link":"https:\/\/www.prosavorgnano.it\/index.php\/alpini\/","title":{"rendered":"Alpini"},"content":{"rendered":"\n<figure class=\"wp-block-image size-large\"><img loading=\"lazy\" decoding=\"async\" width=\"641\" height=\"636\" src=\"https:\/\/www.prosavorgnano.it\/wp-content\/uploads\/2020\/02\/alpini.jpg\" alt=\"\" class=\"wp-image-289\" srcset=\"https:\/\/www.prosavorgnano.it\/wp-content\/uploads\/2020\/02\/alpini.jpg 641w, https:\/\/www.prosavorgnano.it\/wp-content\/uploads\/2020\/02\/alpini-300x298.jpg 300w, https:\/\/www.prosavorgnano.it\/wp-content\/uploads\/2020\/02\/alpini-150x150.jpg 150w, https:\/\/www.prosavorgnano.it\/wp-content\/uploads\/2020\/02\/alpini-363x360.jpg 363w\" sizes=\"auto, (max-width: 641px) 100vw, 641px\" \/><\/figure>\n\n\n<h1>La storia<\/h1>\n<p>Novantatre anni fa, il 21 aprile 1924 nasceva il gruppo savorgnanese di penne nere, uno fra i primi che allora costruirono la sezione A.N.A. di Udine, fondata nel 1921. Il primo capogruppo fu Castenetto Giosu\u00e8 che lo guido fino al 1932.<\/p>\n<p>Il gruppo savorgnanese nacque soprattutto per mantenere i contatti con i compagni d\u2019arma, che volevano ricordare l\u2019esperienza della \u201cnaja\u201d ed in particolare quella pi\u00f9 drammatica della 1a Guerra Mondiale, da pochi anni conclusa. Quella guerra alla quale il Friuli e anche Savorgnano diedero i loro uomini giovani, molti dei quali caddero in battaglia e i cui nomi sono incisi sul monumento del paese inaugurato solennemente il 21 aprile 1923.<\/p>\n<p>La costituzione del Gruppo Alpini prosegu\u00ec, dopo il 1918, quel fervore di attivit\u00e0 e promozione che aveva caratterizzato la vita sociale ed economica del paese dall\u2019inizio del secolo fino allo scoppio della Guerra e che si concretizz\u00f2 nell\u2019istituzione della Cassa Rurale (1902), della Latteria Sociale (1911), della Cooperativa Agricola di Consumo (1920), della bonifica Sbuelz (dal 1909) e del Forno Rurale. Cos\u00ec negli anni Venti oltre al Gruppo Alpini sorsero in paese la Societ\u00e0 ex Combattenti e la Societ\u00e0 dei Reduci, mentre negli anni Trenta, in un clima caratterizzato dall\u2019impulso economico, sorsero le prime osterie private e soprattutto nel 1932 il Comitato che organizz\u00f2 la 1\u00b0 Festa del Vino, per far conoscere il prodotto enologico di Savorgnano in tutto il Friuli.<\/p>\n<p>Domenica 28 settembre 2014 il Gruppo Alpini di Savorgnano ha ricordato il novantesimo anniversario della fondazione con una riuscita cerimonia cui hanno partecipato numerose<\/p>\n<p>Sezioni tra le quali una numerosa comitiva del Gruppo di Portese, Sezione \u201cMonte Suello\u201d di Sal\u00f2 guidata dal suo presidente Romano Micoli.<\/p>\n<p>Il Gruppo Alpino organizza da 43 anni in primavera la Marciaverde, marcia non competitiva che riporta sulle nostre colline, nei boschi e per le strade del paese centinaia di persone che per un giorno vogliono restare a contatto con la natura e conoscere la bellezza di questi territori.<\/p>\n<p>Attualmente il gruppo \u00e8 guidato da Castenetto Stefano.<\/p>\n<p><\/p>\n\n\n<figure class=\"wp-block-image size-large\"><img loading=\"lazy\" decoding=\"async\" width=\"880\" height=\"544\" src=\"https:\/\/www.prosavorgnano.it\/wp-content\/uploads\/2020\/02\/21-04-1924.jpg\" alt=\"\" class=\"wp-image-267\" srcset=\"https:\/\/www.prosavorgnano.it\/wp-content\/uploads\/2020\/02\/21-04-1924.jpg 880w, https:\/\/www.prosavorgnano.it\/wp-content\/uploads\/2020\/02\/21-04-1924-300x185.jpg 300w, https:\/\/www.prosavorgnano.it\/wp-content\/uploads\/2020\/02\/21-04-1924-768x475.jpg 768w, https:\/\/www.prosavorgnano.it\/wp-content\/uploads\/2020\/02\/21-04-1924-380x235.jpg 380w\" sizes=\"auto, (max-width: 880px) 100vw, 880px\" \/><\/figure>\n\n\n\n<figure class=\"wp-block-gallery columns-3 is-cropped wp-block-gallery-1 is-layout-flex wp-block-gallery-is-layout-flex\"><ul class=\"blocks-gallery-grid\"><li class=\"blocks-gallery-item\"><figure><img loading=\"lazy\" decoding=\"async\" width=\"1024\" height=\"683\" src=\"https:\/\/www.prosavorgnano.it\/wp-content\/uploads\/2020\/02\/GRUPPO-1024x683-1.jpg\" alt=\"\" data-id=\"298\" data-full-url=\"https:\/\/www.prosavorgnano.it\/wp-content\/uploads\/2020\/02\/GRUPPO-1024x683-1.jpg\" data-link=\"https:\/\/www.prosavorgnano.it\/gruppo-1024x683\/\" class=\"wp-image-298\" srcset=\"https:\/\/www.prosavorgnano.it\/wp-content\/uploads\/2020\/02\/GRUPPO-1024x683-1.jpg 1024w, https:\/\/www.prosavorgnano.it\/wp-content\/uploads\/2020\/02\/GRUPPO-1024x683-1-300x200.jpg 300w, https:\/\/www.prosavorgnano.it\/wp-content\/uploads\/2020\/02\/GRUPPO-1024x683-1-768x512.jpg 768w, https:\/\/www.prosavorgnano.it\/wp-content\/uploads\/2020\/02\/GRUPPO-1024x683-1-380x253.jpg 380w\" sizes=\"auto, (max-width: 1024px) 100vw, 1024px\" \/><\/figure><\/li><li class=\"blocks-gallery-item\"><figure><img loading=\"lazy\" decoding=\"async\" width=\"852\" height=\"640\" src=\"https:\/\/www.prosavorgnano.it\/wp-content\/uploads\/2020\/02\/1044646_10205508011433999_4781580019317517506_n.jpg\" alt=\"\" data-id=\"256\" data-full-url=\"https:\/\/www.prosavorgnano.it\/wp-content\/uploads\/2020\/02\/1044646_10205508011433999_4781580019317517506_n.jpg\" data-link=\"https:\/\/www.prosavorgnano.it\/1044646_10205508011433999_4781580019317517506_n\/\" class=\"wp-image-256\" srcset=\"https:\/\/www.prosavorgnano.it\/wp-content\/uploads\/2020\/02\/1044646_10205508011433999_4781580019317517506_n.jpg 852w, https:\/\/www.prosavorgnano.it\/wp-content\/uploads\/2020\/02\/1044646_10205508011433999_4781580019317517506_n-300x225.jpg 300w, https:\/\/www.prosavorgnano.it\/wp-content\/uploads\/2020\/02\/1044646_10205508011433999_4781580019317517506_n-768x577.jpg 768w, https:\/\/www.prosavorgnano.it\/wp-content\/uploads\/2020\/02\/1044646_10205508011433999_4781580019317517506_n-380x285.jpg 380w\" sizes=\"auto, (max-width: 852px) 100vw, 852px\" \/><\/figure><\/li><li class=\"blocks-gallery-item\"><figure><img loading=\"lazy\" decoding=\"async\" width=\"641\" height=\"960\" src=\"https:\/\/www.prosavorgnano.it\/wp-content\/uploads\/2020\/02\/10685424_10203555282061129_3379516148167562458_n.jpg\" alt=\"\" data-id=\"264\" data-full-url=\"https:\/\/www.prosavorgnano.it\/wp-content\/uploads\/2020\/02\/10685424_10203555282061129_3379516148167562458_n.jpg\" data-link=\"https:\/\/www.prosavorgnano.it\/10685424_10203555282061129_3379516148167562458_n\/\" class=\"wp-image-264\" srcset=\"https:\/\/www.prosavorgnano.it\/wp-content\/uploads\/2020\/02\/10685424_10203555282061129_3379516148167562458_n.jpg 641w, https:\/\/www.prosavorgnano.it\/wp-content\/uploads\/2020\/02\/10685424_10203555282061129_3379516148167562458_n-200x300.jpg 200w, https:\/\/www.prosavorgnano.it\/wp-content\/uploads\/2020\/02\/10685424_10203555282061129_3379516148167562458_n-240x360.jpg 240w\" sizes=\"auto, (max-width: 641px) 100vw, 641px\" \/><\/figure><\/li><li class=\"blocks-gallery-item\"><figure><img loading=\"lazy\" decoding=\"async\" width=\"960\" height=\"355\" src=\"https:\/\/www.prosavorgnano.it\/wp-content\/uploads\/2020\/02\/10447623_10203510910111858_3939111389323149916_n.jpg\" alt=\"\" data-id=\"260\" data-full-url=\"https:\/\/www.prosavorgnano.it\/wp-content\/uploads\/2020\/02\/10447623_10203510910111858_3939111389323149916_n.jpg\" data-link=\"https:\/\/www.prosavorgnano.it\/10447623_10203510910111858_3939111389323149916_n\/\" class=\"wp-image-260\" srcset=\"https:\/\/www.prosavorgnano.it\/wp-content\/uploads\/2020\/02\/10447623_10203510910111858_3939111389323149916_n.jpg 960w, https:\/\/www.prosavorgnano.it\/wp-content\/uploads\/2020\/02\/10447623_10203510910111858_3939111389323149916_n-300x111.jpg 300w, https:\/\/www.prosavorgnano.it\/wp-content\/uploads\/2020\/02\/10447623_10203510910111858_3939111389323149916_n-768x284.jpg 768w, https:\/\/www.prosavorgnano.it\/wp-content\/uploads\/2020\/02\/10447623_10203510910111858_3939111389323149916_n-380x141.jpg 380w\" sizes=\"auto, (max-width: 960px) 100vw, 960px\" \/><\/figure><\/li><li class=\"blocks-gallery-item\"><figure><img loading=\"lazy\" decoding=\"async\" width=\"960\" height=\"703\" src=\"https:\/\/www.prosavorgnano.it\/wp-content\/uploads\/2020\/02\/10610476_815361551819433_3601535796292144399_n.jpg\" alt=\"\" data-id=\"262\" data-full-url=\"https:\/\/www.prosavorgnano.it\/wp-content\/uploads\/2020\/02\/10610476_815361551819433_3601535796292144399_n.jpg\" data-link=\"https:\/\/www.prosavorgnano.it\/10610476_815361551819433_3601535796292144399_n\/\" class=\"wp-image-262\" srcset=\"https:\/\/www.prosavorgnano.it\/wp-content\/uploads\/2020\/02\/10610476_815361551819433_3601535796292144399_n.jpg 960w, https:\/\/www.prosavorgnano.it\/wp-content\/uploads\/2020\/02\/10610476_815361551819433_3601535796292144399_n-300x220.jpg 300w, https:\/\/www.prosavorgnano.it\/wp-content\/uploads\/2020\/02\/10610476_815361551819433_3601535796292144399_n-768x562.jpg 768w, https:\/\/www.prosavorgnano.it\/wp-content\/uploads\/2020\/02\/10610476_815361551819433_3601535796292144399_n-380x278.jpg 380w\" sizes=\"auto, (max-width: 960px) 100vw, 960px\" \/><\/figure><\/li><\/ul><\/figure>\n\n\n<h1 class=\"rich-text editor-rich-text__editable block-editor-rich-text__editable is-selected\" role=\"textbox\" contenteditable=\"true\" aria-multiline=\"true\" aria-label=\"Scrivi titolo\u2026\">Le iniziative<\/h1>\n<p>La Marcia Verde \u00e8 una marcia non competitiva di circa dieci chilometri di percorso che riporta sulle colline, nei boschi e per le strade del paese centinaia di persone che per un giorno vogliono restare a contatto con la natura e conoscere le bellezze di questi territori.<\/p>\n<p><a href=\"https:\/\/www.prosavorgnano.it\/index.php\/alpini\/marcia-verde\/\">https:\/\/www.prosavorgnano.it\/index.php\/alpini\/marcia-verde\/<\/a><\/p>\n\n\n<figure class=\"wp-block-image size-large\"><img loading=\"lazy\" decoding=\"async\" width=\"960\" height=\"640\" src=\"https:\/\/www.prosavorgnano.it\/wp-content\/uploads\/2020\/02\/10584104_674634182656951_7204363781735280255_n.jpg\" alt=\"\" class=\"wp-image-328\" srcset=\"https:\/\/www.prosavorgnano.it\/wp-content\/uploads\/2020\/02\/10584104_674634182656951_7204363781735280255_n.jpg 960w, https:\/\/www.prosavorgnano.it\/wp-content\/uploads\/2020\/02\/10584104_674634182656951_7204363781735280255_n-300x200.jpg 300w, https:\/\/www.prosavorgnano.it\/wp-content\/uploads\/2020\/02\/10584104_674634182656951_7204363781735280255_n-768x512.jpg 768w, https:\/\/www.prosavorgnano.it\/wp-content\/uploads\/2020\/02\/10584104_674634182656951_7204363781735280255_n-380x253.jpg 380w\" sizes=\"auto, (max-width: 960px) 100vw, 960px\" \/><\/figure>\n","protected":false},"excerpt":{"rendered":"<p>La storia Novantatre anni fa, il 21 aprile 1924 nasceva il gruppo savorgnanese di penne nere, uno fra i primi che allora costruirono la sezione A.N.A. di Udine, fondata nel 1921. Il primo capogruppo fu Castenetto Giosu\u00e8 che lo guido fino al 1932. Il gruppo savorgnanese nacque soprattutto per mantenere i contatti con i compagni [&hellip;]<\/p>\n","protected":false},"author":2,"featured_media":0,"parent":0,"menu_order":0,"comment_status":"closed","ping_status":"closed","template":"","meta":{"footnotes":""},"class_list":["post-18","page","type-page","status-publish","hentry"],"_links":{"self":[{"href":"https:\/\/www.prosavorgnano.it\/index.php\/wp-json\/wp\/v2\/pages\/18","targetHints":{"allow":["GET"]}}],"collection":[{"href":"https:\/\/www.prosavorgnano.it\/index.php\/wp-json\/wp\/v2\/pages"}],"about":[{"href":"https:\/\/www.prosavorgnano.it\/index.php\/wp-json\/wp\/v2\/types\/page"}],"author":[{"embeddable":true,"href":"https:\/\/www.prosavorgnano.it\/index.php\/wp-json\/wp\/v2\/users\/2"}],"replies":[{"embeddable":true,"href":"https:\/\/www.prosavorgnano.it\/index.php\/wp-json\/wp\/v2\/comments?post=18"}],"version-history":[{"count":12,"href":"https:\/\/www.prosavorgnano.it\/index.php\/wp-json\/wp\/v2\/pages\/18\/revisions"}],"predecessor-version":[{"id":330,"href":"https:\/\/www.prosavorgnano.it\/index.php\/wp-json\/wp\/v2\/pages\/18\/revisions\/330"}],"wp:attachment":[{"href":"https:\/\/www.prosavorgnano.it\/index.php\/wp-json\/wp\/v2\/media?parent=18"}],"curies":[{"name":"wp","href":"https:\/\/api.w.org\/{rel}","templated":true}]}}